{"id":125,"date":"2010-06-23T12:55:08","date_gmt":"2010-06-23T10:55:08","guid":{"rendered":"http:\/\/rechtsanwaltskanzlei-plauen.de\/wordpress\/?page_id=125"},"modified":"2010-07-16T11:57:31","modified_gmt":"2010-07-16T09:57:31","slug":"strafrecht","status":"publish","type":"page","link":"https:\/\/rechtsanwaltskanzlei-plauen.de\/?page_id=125","title":{"rendered":"Strafrecht"},"content":{"rendered":"<div style=\"width: 267px\" class=\"wp-caption aligncenter\"><img loading=\"lazy\" decoding=\"async\" class=\"  \" title=\"Wehe du singst - Quelle: Umschlageinband der &quot;Strafverteidigerlieder&quot;\" src=\"http:\/\/www.rechtsanwaltskanzlei-plauen.de\/img\/wehe.gif\" alt=\"Wehe du singst - Quelle: Umschlageinband der &quot;Strafverteidigerlieder&quot;\" width=\"257\" height=\"306\" \/><p class=\"wp-caption-text\">Quelle: Umschlageinband der &quot;Strafverteidigerlieder&quot;<\/p><\/div>\n<h2><strong>\u201eWie kannst du nur DEN verteidigen?\u201c<\/strong><\/h2>\n<h4><strong>(oder: Das Selbstverst\u00e4ndnis des Verteidigers)<\/strong><\/h4>\n<p><strong> <\/strong><\/p>\n<p style=\"text-align: justify;\">Diese Frage wird dem Rechtsanwalt, der in Verfahren t\u00e4tig wird\/werden muss, in denen Tatvorw\u00fcrfe verhandelt werden, die gesellschaftlich als besonders verabscheuungsw\u00fcrdig angesehen werden, immer wieder gestellt. Dies betrifft insbesondere die Sexualdelikte, wie Vergewaltigung, sexueller Mi\u00dfbrauch von Kindern, aber auch Gewaltverbrechen, bei denen dem T\u00e4ter besonders brutales Vorgehen gegen die Opfer vorgeworfen wird.<\/p>\n<p style=\"text-align: justify;\">Nicht zuletzt stellt sich diese Frage sicherlich auch der ein oder andere Rechtsanwalt, der durch die Pflichtverteidigerbestellung in die Rolle des Verteidigers gezwungen wurde.<\/p>\n<p style=\"text-align: justify;\">Auch ich habe mir diese Frage zu Anfang meiner Bet\u00e4tigung in der Strafverteidigung gestellt. Zun\u00e4chst habe ich versucht, meine eigene Psyche dadurch zu \u201esch\u00fctzen\u201c, dass ich zun\u00e4chst bestimmte F\u00e4lle nicht annahm, danach den Mandanten geradezu verbot, mir mitzuteilen, was sie tats\u00e4chlich getan haben, um mich nur an der Akte und den darin beinhalteten Beweisen zu orientieren.<\/p>\n<p style=\"text-align: justify;\">Im Laufe der Zeit gestaltete sich dies jedoch immer wieder als Hemmschuh wirksamer Verteidigung. Gleichzeitig entwickelte sich mehr und mehr ein reines \u201eFalldenken\u201c: Die Opfer und deren Sch\u00e4digungen traten immer mehr in den Hintergrund; die m\u00f6glicherweise durch den eigenen Mandanten ausgef\u00fchrten Handlungen wurden zum juristischen \u201eObjekt\u201c der verschiedenen Strafma\u00df\u00fcberlegungen und die Beweisbarkeit oder Nichtbeweisbarkeit einzelner oder s\u00e4mtlicher Handlungen des Mandanten trat immer weiter in den Vordergrund.<\/p>\n<p style=\"text-align: justify;\">Anders ausgedr\u00fcckt: Die \u201eVertragstheorie\u201c gewinnt gl\u00fccklicherweise im Verteidigerdasein die Oberhand.<\/p>\n<p style=\"text-align: justify;\">Man denkt im Laufe der Zeit in der Tat schizophren und trennt absolut zwischen dem Fall auf dem Tisch und der pers\u00f6nlichen Einstellung zu solchen Taten. So habe ich schon eine Reihe von Mandanten in Missbrauchsverfahren verteidigt, die ich m\u00f6glicherweise f\u00fcr die gleiche Tat, dann jedoch begangen an einer mir nahestehenden Person, m\u00f6glicherweise zumindest erheblich k\u00f6rperlich besch\u00e4digt h\u00e4tte.<\/p>\n<p style=\"text-align: justify;\">Einher geht damit auch, dass ich die zu bearbeitenden F\u00e4lle bei Verlassen der Kanzlei dort zur\u00fcck lasse und nicht etwa im Hinterkopf mit nach Hause nehme. Darum erhalten meine Mandanten in der Regel nicht meine Handy-Nr., denn die Versuchung, den Verteidiger in dessen Freizeit anzurufen, weil soeben noch ein vielleicht hilfreicher Gedanke kam, w\u00e4re verst\u00e4ndlicherweise zu gro\u00df.<\/p>\n<p>Ansatzweise kann man es vielleicht wie folgt verdeutlichen:<\/p>\n<p style=\"text-align: justify;\">Wenn ein Rechtsanwalt in einem Zivilverfahren von seinem Mandanten f\u00fcr diesen ung\u00fcnstige Tatsachen mitgeteilt bekommt, werden weder Rechtsanwalt, noch Mandant versucht sein, diese der Gegenseite zu offenbaren, solange sie nicht dadurch aufgefordert sind, bewusst zu l\u00fcgen. Dem Gegner entsteht durch das Unterlassen ggf. erheblicher Schaden, da er mit seinen Anspr\u00fcchen nicht durchzudringen vermag. Sie k\u00e4men nur selten auf die Idee, dass der Rechtsanwalt als \u201eunabh\u00e4ngiges Organ der Rechtspflege&#8220; gem. \u00a7 1 BRAO verpflichtet sein soll, gegen seinen eigenen Mandanten zu arbeiten. Er ist der Vertragspartner des Rechtsanwaltes, zu dessen bestm\u00f6glicher Hilfe unter Nutzung aller prozessualen M\u00f6glichkeiten ein Rechtsanwalt sich verpflichtet f\u00fchlen muss.<\/p>\n<p>Nicht anders steht es um den Strafverteidiger! Auch er hat einen Vertrag zu erf\u00fcllen.<\/p>\n<p style=\"text-align: justify;\">Zudem und unabh\u00e4ngig des Rechtes eines jeden Menschen auf Verteidigung:\u00a0\u00a0\u00a0\u00a0\u00a0\u00a0\u00a0\u00a0\u00a0\u00a0\u00a0\u00a0\u00a0\u00a0\u00a0\u00a0\u00a0\u00a0\u00a0\u00a0\u00a0\u00a0 Wo wollte man die Grenze ziehen?\u00a0\u00a0\u00a0\u00a0\u00a0\u00a0\u00a0\u00a0\u00a0\u00a0\u00a0\u00a0\u00a0\u00a0\u00a0\u00a0\u00a0\u00a0\u00a0\u00a0\u00a0\u00a0\u00a0\u00a0\u00a0\u00a0\u00a0\u00a0\u00a0\u00a0\u00a0\u00a0\u00a0\u00a0\u00a0\u00a0\u00a0\u00a0\u00a0\u00a0\u00a0\u00a0\u00a0\u00a0\u00a0\u00a0\u00a0\u00a0\u00a0\u00a0\u00a0\u00a0\u00a0\u00a0\u00a0\u00a0\u00a0\u00a0\u00a0\u00a0\u00a0\u00a0\u00a0\u00a0\u00a0\u00a0\u00a0\u00a0\u00a0\u00a0\u00a0\u00a0\u00a0\u00a0\u00a0\u00a0\u00a0\u00a0\u00a0\u00a0\u00a0\u00a0\u00a0\u00a0\u00a0\u00a0\u00a0\u00a0\u00a0\u00a0\u00a0\u00a0\u00a0\u00a0\u00a0\u00a0\u00a0 &#8222;<em>Zu schnelles Fahren oder mal eine rote Ampel erwischt, dem Staat &#8222;eins ausgewischt&#8220; durch eine \u201ekleine Steuerhinterziehung&#8220; oder Schwarzarbeit trotz Erhalt von Leistungen nach Hartz IV&#8230; alles nur Kavaliersdelikte. Der Staat soll sich nicht so anstellen und selbstverst\u00e4ndlich muss da ein Verteidiger zeigen, was er kann, dass es gut bzw. glimpflich ausgeht.&#8220;<\/em><\/p>\n<p style=\"text-align: justify;\">Haben nicht alle diese \u201eT\u00e4ter&#8220; ebenfalls ein Gesetz gebrochen? Was ist, wenn der Raser beim n\u00e4chsten Mal aufgrund seiner Geschwindigkeit nicht mehr rechtzeitig vor dem kleinen Kind bremsen kann, der Rotlichts\u00fcnder in den Querverkehr rauscht und\u00a0 ein Familienschicksal zerst\u00f6rt etc.?<\/p>\n<p>Ein bisschen Anspruch auf Verteidigung kann und darf es nicht geben &#8211; entweder ganz oder gar nicht! Unser Strafprozessrecht wurde mit der Ma\u00dfgabe geschrieben: \u201eLieber ein Straft\u00e4ter in Freiheit, als ein Unschuldiger verurteilt!&#8220;<\/p>\n<p style=\"text-align: center;\"><strong>In dubio pro reo &#8211; Im Zweifel f\u00fcr den Angeklagten.<\/strong><\/p>\n<p style=\"text-align: justify;\">Ziehen Sie jedoch daraus nicht den irrigen Schluss, dass nun in der Strafverteidigung alles erlaubt ist oder gar der Strafverteidiger sich mit seinem Mandanten &#8222;verbr\u00fcdert&#8220;, geschweige denn dessen Tat auch nur ansatzweise guthei\u00dft. Eine pers\u00f6nliche Beziehung zum Mandanten oder Mitleid mit ihm, ist mit der T\u00e4tigkeit unvereinbar. Auch ein Strafverteidiger unterliegt Regeln und hat sich daran zu halten, will er seinen Beruf seri\u00f6s aus\u00fcben. Er ist nicht das &#8222;Mietmaul&#8220; des Mandanten und falls Sie von Ihrem Rechtsanwalt nur dem Mandanten genehme und schmeichelhafte Prognosen erwarten, sollten Sie sich besser gleich eine andere Kanzlei suchen. Wir reden in der Regel klar und deutlich mit unseren Mandanten.<\/p>\n<p style=\"text-align: justify;\">Auf den Unterseiten zu diesem Thema finden Sie ausgew\u00e4hlte Themen aus dem Straf- und Strafprozessrecht, die durch Rechtsanwalt Posner selbst bearbeitet wurden\u00a0 (kenntlich gemacht durch das eingef\u00fcgte Passbild) bzw. ver\u00f6ffentlichungsw\u00fcrdig erscheinen.<\/p>\n","protected":false},"excerpt":{"rendered":"<p>\u201eWie kannst du nur DEN verteidigen?\u201c (oder: Das Selbstverst\u00e4ndnis des Verteidigers) Diese Frage wird dem Rechtsanwalt, der in Verfahren t\u00e4tig wird\/werden muss, in denen Tatvorw\u00fcrfe verhandelt werden, die gesellschaftlich als besonders verabscheuungsw\u00fcrdig angesehen werden, immer wieder gestellt. Dies betrifft insbesondere &hellip; <a href=\"https:\/\/rechtsanwaltskanzlei-plauen.de\/?page_id=125\">Weiterlesen <span class=\"meta-nav\">&rarr;<\/span><\/a><\/p>\n","protected":false},"author":1,"featured_media":0,"parent":0,"menu_order":2,"comment_status":"closed","ping_status":"open","template":"onecolumn-page.php","meta":{"footnotes":""},"class_list":["post-125","page","type-page","status-publish","hentry"],"_links":{"self":[{"href":"https:\/\/rechtsanwaltskanzlei-plauen.de\/index.php?rest_route=\/wp\/v2\/pages\/125","targetHints":{"allow":["GET"]}}],"collection":[{"href":"https:\/\/rechtsanwaltskanzlei-plauen.de\/index.php?rest_route=\/wp\/v2\/pages"}],"about":[{"href":"https:\/\/rechtsanwaltskanzlei-plauen.de\/index.php?rest_route=\/wp\/v2\/types\/page"}],"author":[{"embeddable":true,"href":"https:\/\/rechtsanwaltskanzlei-plauen.de\/index.php?rest_route=\/wp\/v2\/users\/1"}],"replies":[{"embeddable":true,"href":"https:\/\/rechtsanwaltskanzlei-plauen.de\/index.php?rest_route=%2Fwp%2Fv2%2Fcomments&post=125"}],"version-history":[{"count":21,"href":"https:\/\/rechtsanwaltskanzlei-plauen.de\/index.php?rest_route=\/wp\/v2\/pages\/125\/revisions"}],"predecessor-version":[{"id":958,"href":"https:\/\/rechtsanwaltskanzlei-plauen.de\/index.php?rest_route=\/wp\/v2\/pages\/125\/revisions\/958"}],"wp:attachment":[{"href":"https:\/\/rechtsanwaltskanzlei-plauen.de\/index.php?rest_route=%2Fwp%2Fv2%2Fmedia&parent=125"}],"curies":[{"name":"wp","href":"https:\/\/api.w.org\/{rel}","templated":true}]}}