{"id":111,"date":"2023-12-31T15:29:50","date_gmt":"2023-12-31T14:29:50","guid":{"rendered":"http:\/\/rechtsanwaltskanzlei-plauen.de\/wordpress\/?page_id=111"},"modified":"2025-08-07T17:41:34","modified_gmt":"2025-08-07T15:41:34","slug":"rechtsanwalte-posner-prenzel","status":"publish","type":"page","link":"https:\/\/rechtsanwaltskanzlei-plauen.de\/","title":{"rendered":"Posner &amp; Prenzel &#8211; Rechtsanw\u00e4lte"},"content":{"rendered":"\n<p><marquee><B>Wichtiger Hinweis: In Ordnungswidrigkeitensachen akzeptieren wir nicht mehr die Abrechnung mit der ARAG Rechtsschutz-Versicherung und der AdvoCard!<\/B> In diesen F\u00e4llen rechnen wir ausschlie\u00dflich mit Ihnen ab, akzeptieren keine K\u00fcrzungen und Sie m\u00fcssen sich selbst mit Ihrer Versicherung auseinandersetzen. Danke f\u00fcr Ihr Verst\u00e4ndnis!<\/marquee><\/p>\n<p><nbsp;><\/p>\n<p><span style=\"font-size: 14px;\">Unsere Kanzlei befindet sich im \u00f6rtlichen Zust\u00e4ndigkeitsbereich von OLG Dresden,<br \/>LG Zwickau und AG Plauen.<br \/>F\u00fcr unsere Mandanten treten wir bei Bedarf jedoch auch bundesweit auf, au\u00dfer vor dem Bundesgerichtshof (BGH) in Zivilsachen, f\u00fcr den es besondere Zulassungen f\u00fcr eine nur kleine Zahl an Rechtsanw\u00e4lt(inn)en gibt.<\/span><br \/><span style=\"font-size: 14px;\">Herr RA und Fachanwalt f\u00fcr Strafrecht Posner verteidigt bei Bedarf zudem auch vor dem BGH in Strafsachen. <\/span><img loading=\"lazy\" decoding=\"async\" class=\"alignleft size-full wp-image-737\" title=\"Kanzleigeb\u00e4ude\" src=\"https:\/\/rechtsanwaltskanzlei-plauen.de\/wordpress\/wp-content\/uploads\/haus-131.jpg\" alt=\"\" width=\"284\" height=\"480\" srcset=\"https:\/\/rechtsanwaltskanzlei-plauen.de\/wordpress\/wp-content\/uploads\/haus-131.jpg 284w, https:\/\/rechtsanwaltskanzlei-plauen.de\/wordpress\/wp-content\/uploads\/haus-131-177x300.jpg 177w\" sizes=\"auto, (max-width: 284px) 100vw, 284px\" \/><\/p>\n<p><span style=\"font-size: 14px;\">Sie erreichen uns wie folgt:<br \/>Reichsstr. 13 <a title=\"\" href=\"https:\/\/rechtsanwaltskanzlei-plauen.de\/?attachment_id=727\" target=\"\" rel=\"attachment wp-att-727 noopener noreferrer\"><img loading=\"lazy\" decoding=\"async\" class=\"size-medium wp-image-727  wp-caption alignright wp-caption alignright wp-caption alignright wp-caption alignright wp-caption alignright wp-caption alignright wp-caption alignright wp-caption alignright wp-caption alignright wp-caption alignright wp-caption alignright\" title=\"QR-Code-Visitenkarte\" src=\"https:\/\/rechtsanwaltskanzlei-plauen.de\/wordpress\/wp-content\/uploads\/qrcode-neu-300x300.jpg\" alt=\"QR-Code-Visitenkarte\" width=\"126\" height=\"126\" \/><\/a><br \/>08523 Plauen \/ Vogtland<br \/>Tel.: 03741 \/ 201 101<br \/>Fax: 03741 \/ 201 102<br \/>allgemeine Mail-Adresse: <a href=\"mailto:Info@Rechtsanwaltskanzlei-Plauen.de\">Info@Rechtsanwaltskanzlei-Plauen.de<\/a><\/span><\/p>\n<p><span style=\"font-size: 14px;\">Die erforderlichen Angaben nach \u00a7 5 TMG und DL-InfoV entnehmen Sie bitte dem <a href=\"https:\/\/rechtsanwaltskanzlei-plauen.de\/wordpress\/?page_id=21\">Impressum<\/a>.<\/span><\/p>\n<hr style=\"height: 3px;\" \/>\n<p><noscript>Ihr Browser unterst\u00fctzt kein Javascript.<\/noscript><\/p>\n\n\n<p><\/p>\n","protected":false},"excerpt":{"rendered":"<p>Wichtiger Hinweis: In Ordnungswidrigkeitensachen akzeptieren wir nicht mehr die Abrechnung mit der ARAG Rechtsschutz-Versicherung und der AdvoCard! In diesen F\u00e4llen rechnen wir ausschlie\u00dflich mit Ihnen ab, akzeptieren keine K\u00fcrzungen und Sie m\u00fcssen sich selbst mit Ihrer Versicherung auseinandersetzen. Danke f\u00fcr &hellip; <a href=\"https:\/\/rechtsanwaltskanzlei-plauen.de\/\">Weiterlesen <span class=\"meta-nav\">&rarr;<\/span><\/a><\/p>\n","protected":false},"author":1,"featured_media":0,"parent":0,"menu_order":0,"comment_status":"closed","ping_status":"closed","template":"","meta":{"footnotes":""},"class_list":["post-111","page","type-page","status-publish","hentry"],"_links":{"self":[{"href":"https:\/\/rechtsanwaltskanzlei-plauen.de\/index.php?rest_route=\/wp\/v2\/pages\/111","targetHints":{"allow":["GET"]}}],"collection":[{"href":"https:\/\/rechtsanwaltskanzlei-plauen.de\/index.php?rest_route=\/wp\/v2\/pages"}],"about":[{"href":"https:\/\/rechtsanwaltskanzlei-plauen.de\/index.php?rest_route=\/wp\/v2\/types\/page"}],"author":[{"embeddable":true,"href":"https:\/\/rechtsanwaltskanzlei-plauen.de\/index.php?rest_route=\/wp\/v2\/users\/1"}],"replies":[{"embeddable":true,"href":"https:\/\/rechtsanwaltskanzlei-plauen.de\/index.php?rest_route=%2Fwp%2Fv2%2Fcomments&post=111"}],"version-history":[{"count":175,"href":"https:\/\/rechtsanwaltskanzlei-plauen.de\/index.php?rest_route=\/wp\/v2\/pages\/111\/revisions"}],"predecessor-version":[{"id":1229,"href":"https:\/\/rechtsanwaltskanzlei-plauen.de\/index.php?rest_route=\/wp\/v2\/pages\/111\/revisions\/1229"}],"wp:attachment":[{"href":"https:\/\/rechtsanwaltskanzlei-plauen.de\/index.php?rest_route=%2Fwp%2Fv2%2Fmedia&parent=111"}],"curies":[{"name":"wp","href":"https:\/\/api.w.org\/{rel}","templated":true}]}}